{"id":633,"date":"2021-12-21T09:51:26","date_gmt":"2021-12-21T08:51:26","guid":{"rendered":"https:\/\/nonstick.se\/kontaktside\/"},"modified":"2025-06-23T15:56:32","modified_gmt":"2025-06-23T13:56:32","slug":"kontaktside","status":"publish","type":"page","link":"https:\/\/nonstick.se\/da\/kontaktside\/","title":{"rendered":"Kontaktside"},"content":{"rendered":"\t\t<div data-elementor-type=\"wp-page\" data-elementor-id=\"633\" class=\"elementor elementor-633 elementor-344\" data-elementor-settings=\"[]\">\n\t\t\t\t\t\t\t<div class=\"elementor-section-wrap\">\n\t\t\t\t\t\t\t<section class=\"elementor-section elementor-top-section elementor-element elementor-element-875939b elementor-section-boxed elementor-section-height-default elementor-section-height-default\" data-id=\"875939b\" data-element_type=\"section\">\n\t\t\t\t\t\t<div class=\"elementor-container elementor-column-gap-default\">\n\t\t\t\t\t<div class=\"elementor-column elementor-col-50 elementor-top-column elementor-element elementor-element-0c18b29\" data-id=\"0c18b29\" data-element_type=\"column\">\n\t\t\t<div class=\"elementor-widget-wrap elementor-element-populated\">\n\t\t\t\t\t\t\t\t<div class=\"elementor-element elementor-element-6048a1a elementor-widget elementor-widget-text-editor\" data-id=\"6048a1a\" data-element_type=\"widget\" data-widget_type=\"text-editor.default\">\n\t\t\t\t<div class=\"elementor-widget-container\">\n\t\t\t\t\t\t\t<p>Aalberts ST L\u00f6ddek\u00f6pinge<\/p>\t\t\t\t\t\t<\/div>\n\t\t\t\t<\/div>\n\t\t\t\t<div class=\"elementor-element elementor-element-c0ce232 elementor-widget elementor-widget-heading\" data-id=\"c0ce232\" data-element_type=\"widget\" data-widget_type=\"heading.default\">\n\t\t\t\t<div class=\"elementor-widget-container\">\n\t\t\t<h2 class=\"elementor-heading-title elementor-size-default\">Kontaktoplysninger<\/h2>\t\t<\/div>\n\t\t\t\t<\/div>\n\t\t\t\t<div class=\"elementor-element elementor-element-92cfcfa elementor-widget elementor-widget-text-editor\" data-id=\"92cfcfa\" data-element_type=\"widget\" data-widget_type=\"text-editor.default\">\n\t\t\t\t<div class=\"elementor-widget-container\">\n\t\t\t\t\t\t\t<div class=\"elementor-element elementor-element-e56f5d7 elementor-widget elementor-widget-text-editor\" data-id=\"e56f5d7\" data-element_type=\"widget\" data-widget_type=\"text-editor.default\"><div class=\"elementor-widget-container\"><p>Har du sp\u00f8rgsm\u00e5l eller bekymringer? Kontakt vores kontor i L\u00f6ddek\u00f6pinge, s\u00e5 besvarer vi dem. Vores telefoncentral \u00e5bner kl. 08.00.   08.00.<\/p><\/div><\/div><div class=\"elementor-element elementor-element-362a4ea elementor-widget elementor-widget-text-editor\" data-id=\"362a4ea\" data-element_type=\"widget\" data-widget_type=\"text-editor.default\"> <\/div>\t\t\t\t\t\t<\/div>\n\t\t\t\t<\/div>\n\t\t\t\t<div class=\"elementor-element elementor-element-39092a3 elementor-widget elementor-widget-text-editor\" data-id=\"39092a3\" data-element_type=\"widget\" data-widget_type=\"text-editor.default\">\n\t\t\t\t<div class=\"elementor-widget-container\">\n\t\t\t\t\t\t\t<div class=\"elementor-element elementor-element-362a4ea elementor-widget elementor-widget-text-editor\" data-id=\"362a4ea\" data-element_type=\"widget\" data-widget_type=\"text-editor.default\"><div class=\"elementor-widget-container\"><strong>Telefonnummer: <\/strong><a href=\"tel:+46%2046%2070%2065%2000\">+46 46 70 65 00<\/a><\/div><\/div><div class=\"elementor-element elementor-element-54986b5 elementor-widget elementor-widget-text-editor\" data-id=\"54986b5\" data-element_type=\"widget\" data-widget_type=\"text-editor.default\"><div class=\"elementor-widget-container\"><p><strong>Email:<\/strong> <a href=\"ma&#105;&#x6c;&#x74;&#x6f;:l&#111;&#x64;&#x64;&#x65;ko&#112;&#x69;&#x6e;&#x67;e&#64;a&#97;&#x6c;&#x62;&#x65;rt&#115;&#x2d;&#x73;&#x74;.c&#111;&#x6d;\">l&#111;&#x64;de&#x6b;&#x6f;pi&#x6e;&#x67;e&#64;&#x61;&#x61;l&#98;&#x65;&#x72;t&#115;&#x2d;&#x73;t&#46;&#x63;om<\/a><\/p><\/div><\/div><div class=\"elementor-element elementor-element-8fe1ee7 elementor-widget elementor-widget-text-editor\" data-id=\"8fe1ee7\" data-element_type=\"widget\" data-widget_type=\"text-editor.default\"><div class=\"elementor-widget-container\"><p><strong>Adresse: <\/strong>Mobilv\u00e4gen 1, L\u00f6ddek\u00f6pinge<\/p><\/div><\/div>\t\t\t\t\t\t<\/div>\n\t\t\t\t<\/div>\n\t\t\t\t<div class=\"elementor-element elementor-element-a8a9e36 elementor-widget elementor-widget-button\" data-id=\"a8a9e36\" data-element_type=\"widget\" data-widget_type=\"button.default\">\n\t\t\t\t<div class=\"elementor-widget-container\">\n\t\t\t\t\t<div class=\"elementor-button-wrapper\">\n\t\t\t<a href=\"https:\/\/www.aalberts-st.com\/da\/locations\/loddekopinge\/#\" class=\"elementor-button-link elementor-button elementor-size-sm\" role=\"button\">\n\t\t\t\t\t\t<span class=\"elementor-button-content-wrapper\">\n\t\t\t\t\t\t<span class=\"elementor-button-icon elementor-align-icon-right\">\n\t\t\t\t<i aria-hidden=\"true\" class=\"fas fa-long-arrow-alt-right\"><\/i>\t\t\t<\/span>\n\t\t\t\t\t\t<span class=\"elementor-button-text\">L\u00e6s mere p\u00e5 vores hjemmeside<\/span>\n\t\t<\/span>\n\t\t\t\t\t<\/a>\n\t\t<\/div>\n\t\t\t\t<\/div>\n\t\t\t\t<\/div>\n\t\t\t\t\t<\/div>\n\t\t<\/div>\n\t\t\t\t<div class=\"elementor-column elementor-col-50 elementor-top-column elementor-element elementor-element-bc9d866\" data-id=\"bc9d866\" data-element_type=\"column\">\n\t\t\t<div class=\"elementor-widget-wrap elementor-element-populated\">\n\t\t\t\t\t\t\t\t<div class=\"elementor-element elementor-element-3b072d4 elementor-widget elementor-widget-image\" data-id=\"3b072d4\" data-element_type=\"widget\" data-widget_type=\"image.default\">\n\t\t\t\t<div class=\"elementor-widget-container\">\n\t\t\t\t\t\t\t\t\t\t\t\t\t\t\t<img width=\"550\" height=\"413\" src=\"https:\/\/nonstick.se\/wp-content\/uploads\/sites\/120\/2021\/12\/aALBERTS-pROCESS-tECHNOLOGIES.jpg\" class=\"attachment-large size-large\" alt=\"Aalbert process technologies\" loading=\"lazy\" \/>\t\t\t\t\t\t\t\t\t\t\t\t\t\t\t<\/div>\n\t\t\t\t<\/div>\n\t\t\t\t\t<\/div>\n\t\t<\/div>\n\t\t\t\t\t\t\t<\/div>\n\t\t<\/section>\n\t\t\t\t\t\t<\/div>\n\t\t\t\t\t<\/div>\n\t\t","protected":false},"excerpt":{"rendered":"<p>Aalberts ST L\u00f6ddek\u00f6pinge Kontaktoplysninger Har du sp\u00f8rgsm\u00e5l eller bekymringer? Kontakt vores kontor i L\u00f6ddek\u00f6pinge, s\u00e5 besvarer vi dem. Vores telefoncentral \u00e5bner kl. 08.00. 08.00. Telefonnummer: +46 46 70 65 00 Email: &#108;&#x6f;d&#x64;e&#x6b;o&#112;&#x69;n&#x67;e&#x40;a&#97;&#x6c;b&#x65;r&#x74;s&#45;&#x73;t&#x2e;c&#x6f;m Adresse: Mobilv\u00e4gen 1, L\u00f6ddek\u00f6pinge L\u00e6s mere p\u00e5 vores hjemmeside<\/p>\n","protected":false},"author":1,"featured_media":0,"parent":0,"menu_order":0,"comment_status":"closed","ping_status":"closed","template":"elementor_header_footer","meta":[],"_links":{"self":[{"href":"https:\/\/nonstick.se\/da\/wp-json\/wp\/v2\/pages\/633"}],"collection":[{"href":"https:\/\/nonstick.se\/da\/wp-json\/wp\/v2\/pages"}],"about":[{"href":"https:\/\/nonstick.se\/da\/wp-json\/wp\/v2\/types\/page"}],"author":[{"embeddable":true,"href":"https:\/\/nonstick.se\/da\/wp-json\/wp\/v2\/users\/1"}],"replies":[{"embeddable":true,"href":"https:\/\/nonstick.se\/da\/wp-json\/wp\/v2\/comments?post=633"}],"version-history":[{"count":10,"href":"https:\/\/nonstick.se\/da\/wp-json\/wp\/v2\/pages\/633\/revisions"}],"predecessor-version":[{"id":643,"href":"https:\/\/nonstick.se\/da\/wp-json\/wp\/v2\/pages\/633\/revisions\/643"}],"wp:attachment":[{"href":"https:\/\/nonstick.se\/da\/wp-json\/wp\/v2\/media?parent=633"}],"curies":[{"name":"wp","href":"https:\/\/api.w.org\/{rel}","templated":true}]}}