{"id":588,"date":"2021-09-01T10:05:23","date_gmt":"2021-09-01T08:05:23","guid":{"rendered":"https:\/\/nonstick.se\/tempcoat\/"},"modified":"2025-06-23T15:18:33","modified_gmt":"2025-06-23T13:18:33","slug":"tempcoat","status":"publish","type":"page","link":"https:\/\/nonstick.se\/da\/tempcoat\/","title":{"rendered":"TempCoat\u00ae"},"content":{"rendered":"<h1>tempcoat\u00ae <\/h1>\n<h2>TEMPCOAT\u00ae <\/h2>\n<p>Har du brug for hj\u00e6lp med TempCoat? Hos Aalberts ST L\u00f6ddek\u00f6pinge har vi omfattende erfaring med forskellige typer overfladebehandling.<\/p>\n<p>\t\t\t<a href=\"https:\/\/www.aalberts-st.com\/da\/locations\/loddekopinge\/\" role=\"button\"><br \/>\n\t\t\t\t\t\tKontakt os<br \/>\n\t\t\t\t\t<\/a><\/p>\n<h2>Hvad er TempCoat\u00ae?<br \/>\n<\/h2>\n<p>TempCoat\u00ae er et bel\u00e6gningssystem, der blandt andet indeholder polymeren PFA, som har meget gode slipegenskaber og samtidig har god kemisk resistens over for flydende stoffer. N\u00e6sten alle disse overfladebel\u00e6gninger er ogs\u00e5 f\u00f8devaregodkendte.<\/p>\n<p>De m\u00e6rker, der anvendes til vores forskellige typer TempCoat\u00ae-bel\u00e6gninger, er Teflon\u00ae, Xylan\u00ae, Ilaflon\u00ae og Xera-dur\u00ae. Ved at kombinere materialer fra forskellige leverand\u00f8rer og m\u00e6rker kan vi producere unikke overfladebel\u00e6gninger, der alle har varierende egenskaber og karakter. De fungerer derfor godt til forskellige typer form\u00e5l, detaljer og brancher.<\/p>\n<h2>Hvordan fungerer det?<br \/>\n<\/h2>\n<p>Det f\u00f8rste trin i overfladebehandlingsprocessen involverer afgasning\/afbr\u00e6nding i en ovn. Dette fjerner snavs, olier, gammel bel\u00e6gning osv. fra delen, hvilket skal g\u00f8res for at den kan overfladebehandles. Komponenten maskeres derefter p\u00e5 de dele, der ikke skal overfladebehandles, hvilket g\u00f8res efter tegninger og aftale med kunden. Efter maskering sandbl\u00e6ses delen med aluminiumoxid for at sikre god vedh\u00e6ftning og en helt ren overflade, f\u00f8r selve overfladebel\u00e6gningen kan begynde.<\/p>\n<p>Efter bl\u00e6sning sendes delen til den valgte TempCoat\u00ae-bel\u00e6gning. Bel\u00e6gningsprocessen tager forskellig tid afh\u00e6ngigt af den valgte bel\u00e6gning. TempCoat\u00ae bel\u00e6gges i flere forskellige lag, og mellem hvert lag skal delene t\u00f8rre i en ovn med varierende tider og temperaturer. N\u00e5r det sidste lag er p\u00e5 plads, skal komponenten endeligt h\u00e6rdes i en ovn, s\u00e5kaldt sintring. N\u00e5r overfladebel\u00e6gningen er f\u00e6rdig, kvalitetskontrolleres alle detaljer omhyggeligt (visuel og taktil inspektion, samt m\u00e5ling af overfladetykkelse) f\u00f8r endelig efterbehandling, pakning og levering.<\/p>\n<h2>Fordelene ved TempCoat\u00ae<br \/>\n<\/h2>\n<p>Der er flere fordele ved at bruge vores TempCoat\u00ae-bel\u00e6gninger, og mange f\u00e6llestr\u00e6k omfatter:<\/p>\n<h3>Fremragende mod dej, lim og kemikalier<br \/>\n<\/h3>\n<p>St\u00f8rstedelen af \u200b\u200bvores TempCoat-bel\u00e6gninger har gode non-stick egenskaber mod b\u00e5de flydende og faste stoffer s\u00e5som dej, lim og kemikalier.<\/p>\n<h3>F\u00f8devaregodkendt<br \/>\n<\/h3>\n<p>Mange af bel\u00e6gningerne er godkendt til direkte kontakt med f\u00f8devarer i b\u00e5de EU og USA.<\/p>\n<h3>T\u00e5ler h\u00f8je temperaturer<br \/>\n<\/h3>\n<p>Mange af overfladebel\u00e6gningerne kan modst\u00e5 temperaturer op til 260 grader, hvilket g\u00f8r dem fremragende til bagerier og andre typer f\u00f8devarefabrikker.<\/p>\n<h3>Kontakt os, s\u00e5 fort\u00e6ller vi dig mere!<br \/>\n<\/h3>\n<p>\t\t\t<a href=\"https:\/\/www.aalberts-st.com\/da\/locations\/loddekopinge\/\" role=\"button\"><br \/>\n\t\t\t\t\t\tKontakt os<br \/>\n\t\t\t\t\t<\/a><\/p>\n<h2>TempCoat\u00ae til dej, lim og kemikalier<br \/>\n<\/h2>\n<p>Vi kan tilbyde flere forskellige overfladebel\u00e6gninger hvor gode non-stick egenskaber er p\u00e5kr\u00e6vet. Mange af bel\u00e6gningerne fungerer godt mod f.eks. dej, f\u00f8devarer, lim\/hot melt lim, smeltet plastik, vand- og opl\u00f8sningsbaseret maling, silikonestykker, opl\u00f8sningsbaserede lime, kemiske stoffer osv.<\/p>\n<p>Valget af bel\u00e6gning afh\u00e6nger af en r\u00e6kke forskellige faktorer og der er meget der skal tages i betragtning for at sikre det bedst mulige resultat for kunden. Nogle af disse bel\u00e6gninger er meget gode mod dej, andre fungerer godt mod lim og nogle er gode mod begge dele. Vi har f.eks. en bel\u00e6gning, der er perfekt til bagerier der laver surdej og har varm\/skoldet dej, mens en anden bel\u00e6gning fungerer bedre til bagerier der har mange kerner i deres dej osv.<\/p>\n<p>Mange af disse bel\u00e6gninger er to- og trelagsbel\u00e6gninger, og de bygger op til omkring 50 \u00b5m i overfladetykkelse. De kan modst\u00e5 temperaturer fra -40 op til +260\u00b0C, hvilket er grunden til at de ofte findes i bagerier der har h\u00f8je temperaturer i deres produktion. Bel\u00e6gningerne kan f\u00e5s i farverne sort, bl\u00e5 eller gr\u00f8n. Eksempler p\u00e5 vores bel\u00e6gninger er TempCoat 1501F, TempCoat 1505F, TempCoat 15S09F, TempCoat 15S31F og TempCoat 15S48F.<\/p>\n<p>Der er mange anvendelsesomr\u00e5der for disse overfladebel\u00e6gninger, for eksempel: dejtragte, potter, tippebeholdere, maling- og limkar, trykfarvepastaer, blandetanke, beholdere, trug, pumpehuse, forme, dyser, valser, forseglingsk\u00e6ber (til pakkemaskiner) osv.<\/p>\n<h2>TempCoat\u00ae-bel\u00e6gning fri for fluorplast<br \/>\n<\/h2>\n<p>Vores TempCoat 65S56F og 65S57F er solgel- og keramiska bel\u00e6gningar der er helt fri for fluorplast. De kommer fra henholdsvis m\u00e6rkerne Matrix\u00ae og Xera-Dur\u00ae. Non-stick-bel\u00e6gningerna er holdbara og har gode non-stick-egenskaber, de kan ogs\u00e5 modst\u00e5 h\u00f8je temperaturer (op til +300\u00b0C). <br \/>Da bel\u00e6gningstypen er relativt ny testes den p\u00e5 tv\u00e6rs af alle de anvendelser vi har til andre bel\u00e6gninger. Flere og flere \u00f8nsker PFAS-fri bel\u00e6gninger, og b\u00e5de 65S56F og 65S57F er muligheder for dette. De kan kombineres med et metallag ligesom andre TempCoats.<\/p>\n<h2>TempCoat\u00ae 4004 \u2013 non-stick til etiketter<br \/>\n<\/h2>\n<p>Vores overfladebehandling TempCoat 4004 er en epoxy\/silikonebaseret bel\u00e6gning, der har fremragende non-stick egenskaber og fungerer rigtig godt til maskindele hvor etiketter ikke m\u00e5 kl\u00e6be. Bel\u00e6gningen kan bruges i milj\u00f8er hvor b\u00e5de slidstyrke, lav friktion og h\u00f8je anti-h\u00e6ftningsegenskaber er p\u00e5kr\u00e6vet. Den kan p\u00e5f\u00f8res n\u00e6sten alle underlag, selv plastik og delrin (takket v\u00e6re at bel\u00e6gningen sintres ved stuetemperatur og derfor ikke beh\u00f8ver at blive opvarmet til h\u00f8je temperaturer for at h\u00e6rde).<\/p>\n<p>TempCoat 4004F er gr\u00e5bl\u00e5 i farven og har en tykkelse efter overfladebehandling p\u00e5 50-100 \u00b5m. Den kan modst\u00e5 temperaturer fra -40\u00b0C til +140\u00b0C. Eksempler p\u00e5 anvendelsesomr\u00e5der er prim\u00e6rt i etiketindustrien hvor bel\u00e6gningen kan p\u00e5f\u00f8res temperaturf\u00f8lsomme komponenter, der placeres i forskellige maskiner.<\/p>\n<h2>TempCoat\u00ae til optimering af din produktionsproces<br \/>\n<\/h2>\n<p>Vi har mere end 25 \u00e5rs erfaring i branchen og hj\u00e6lper dig gerne med at finde en l\u00f8sning til at optimere og str\u00f8mline din produktionsproces. Vi kommer gerne ud og bes\u00f8ger din fabrik, og vi <br \/>kan vise dig vores forskellige muligheder for overfladebehandlinger og TempCoat\u00ae-bel\u00e6gninger til f.eks. non-stick og slip egenskaber. Du kan selv teste dem og se, hvordan de fungerer i dit specifikke milj\u00f8 og anl\u00e6g. L\u00e6s ogs\u00e5 om PlasmaCoat og SafeCoat.<\/p>\n<h3>Kontakt os s\u00e5 fort\u00e6ller vi dig mere!<br \/>\n<\/h3>\n<p>\t\t\t<a href=\"https:\/\/www.aalberts-st.com\/da\/locations\/loddekopinge\/\" role=\"button\"><br \/>\n\t\t\t\t\t\tKontakt os<br \/>\n\t\t\t\t\t<\/a><\/p>\n","protected":false},"excerpt":{"rendered":"<p>tempcoat\u00ae TEMPCOAT\u00ae Har du brug for hj\u00e6lp med TempCoat? Hos Aalberts ST L\u00f6ddek\u00f6pinge har vi omfattende erfaring med forskellige typer overfladebehandling. Kontakt os Hvad er TempCoat\u00ae? TempCoat\u00ae er et bel\u00e6gningssystem, der blandt andet indeholder polymeren PFA, som har meget gode slipegenskaber og samtidig har god kemisk resistens over for flydende stoffer. N\u00e6sten alle disse overfladebel\u00e6gninger<\/p>\n","protected":false},"author":1,"featured_media":0,"parent":0,"menu_order":0,"comment_status":"closed","ping_status":"closed","template":"elementor_header_footer","meta":[],"_links":{"self":[{"href":"https:\/\/nonstick.se\/da\/wp-json\/wp\/v2\/pages\/588"}],"collection":[{"href":"https:\/\/nonstick.se\/da\/wp-json\/wp\/v2\/pages"}],"about":[{"href":"https:\/\/nonstick.se\/da\/wp-json\/wp\/v2\/types\/page"}],"author":[{"embeddable":true,"href":"https:\/\/nonstick.se\/da\/wp-json\/wp\/v2\/users\/1"}],"replies":[{"embeddable":true,"href":"https:\/\/nonstick.se\/da\/wp-json\/wp\/v2\/comments?post=588"}],"version-history":[{"count":18,"href":"https:\/\/nonstick.se\/da\/wp-json\/wp\/v2\/pages\/588\/revisions"}],"predecessor-version":[{"id":606,"href":"https:\/\/nonstick.se\/da\/wp-json\/wp\/v2\/pages\/588\/revisions\/606"}],"wp:attachment":[{"href":"https:\/\/nonstick.se\/da\/wp-json\/wp\/v2\/media?parent=588"}],"curies":[{"name":"wp","href":"https:\/\/api.w.org\/{rel}","templated":true}]}}